
{"id":70,"date":"2019-01-06T00:53:39","date_gmt":"2019-01-06T00:53:39","guid":{"rendered":"https:\/\/jazz-und-popchor-wolfenbuettel.de\/?page_id=70"},"modified":"2025-05-16T12:06:10","modified_gmt":"2025-05-16T12:06:10","slug":"chorleitung","status":"publish","type":"page","link":"https:\/\/jazz-und-popchor-wolfenbuettel.de\/?page_id=70","title":{"rendered":"Chorleitung"},"content":{"rendered":"<h2>Chorleitung: Christin Strittmatter<\/h2>\n<p>&nbsp;<\/p>\n<p><img loading=\"lazy\" decoding=\"async\" class=\"alignleft wp-image-204 \" src=\"https:\/\/jazz-und-popchor-wolfenbuettel.de\/wp-content\/uploads\/2025\/05\/christin-strittmatter-200x300.jpg\" alt=\"\" width=\"235\" height=\"353\" srcset=\"https:\/\/jazz-und-popchor-wolfenbuettel.de\/wp-content\/uploads\/2025\/05\/christin-strittmatter-200x300.jpg 200w, https:\/\/jazz-und-popchor-wolfenbuettel.de\/wp-content\/uploads\/2025\/05\/christin-strittmatter-683x1024.jpg 683w, https:\/\/jazz-und-popchor-wolfenbuettel.de\/wp-content\/uploads\/2025\/05\/christin-strittmatter-768x1151.jpg 768w, https:\/\/jazz-und-popchor-wolfenbuettel.de\/wp-content\/uploads\/2025\/05\/christin-strittmatter-1025x1536.jpg 1025w, https:\/\/jazz-und-popchor-wolfenbuettel.de\/wp-content\/uploads\/2025\/05\/christin-strittmatter.jpg 1201w\" sizes=\"auto, (max-width: 235px) 100vw, 235px\" \/>Am 31.01.1984 wurde Christin in Neubrandenburg (Mecklenburg) geboren. Nach dem Abitur am Musikgymnasium Demmin absolvierte sie ein Studium der Musik mit dem Hauptfach Gesang an der Hochschule f\u00fcr Musik, Theater und Medien Hannover und Philosophie an der Leibniz Universit\u00e4t Hannover. Im M\u00e4rz 2010 schloss sie das Studium erfolgreich ab.<\/p>\n<p>Seit Februar 2015 ist sie zudem staatlich gepr\u00fcfte Atem-, Sprech- und Stimmlehrerin. Im Mai 2017 schloss sie die berufsbegleitende Fortbildung \u201eJazz- und Popchorleitung B\u201c an der Bundesakademie f\u00fcr Kulturelle Bildung Wolfenb\u00fcttel erfolgreich ab.<\/p>\n<p>Sie gibt Gesangsunterricht f\u00fcr Anf\u00e4nger, Fortgeschrittene und professionelle S\u00e4ngerInnen und coacht Acappella-Gruppen und Ch\u00f6re.<\/p>\n<p>Mehr Infos zum Gesangsunterricht finden Sie hier: <a href=\"https:\/\/www.christin-strittmatter.de\" target=\"_blank\" rel=\"noopener noreferrer\">www.christin-strittmatter.de<\/a><\/p>\n<p>Zudem arbeitet sie therapeutisch nach dem Konzept Schlaffhorst\/Andersen und behandelt Menschen mit Stimm-, Atem-, Sprech- und Sprachst\u00f6rungen.<\/p>\n<p>Als Jazzchorleiterin hat sie sich bei Seminaren mit Peder Karlsson, Andrea Figallo, Malene Rigtrup, Morten Kjaer, Kim Nazarian, Bob Stoloff, Dr. Matthias Becker, Michelle Weir, Jim Daus Hjern\u00f8e und Tine Fris weitergebildet. Christin Strittmatter leitet den Jazzchor Hannover und den Jazzchor Celle.<\/p>\n<p>Ihre Erfahrungen mit der Complete Vocal Technique von Cathrine Sadolin flie\u00dfen mit in die Arbeit ein und bereichern sie.<\/p>\n","protected":false},"excerpt":{"rendered":"<p>Chorleitung: Christin Strittmatter &nbsp; Am 31.01.1984 wurde Christin in Neubrandenburg (Mecklenburg) geboren. Nach dem Abitur am Musikgymnasium Demmin absolvierte sie ein Studium der Musik mit dem Hauptfach Gesang an der Hochschule f\u00fcr Musik, Theater und Medien Hannover und Philosophie an&hellip; <\/p>\n","protected":false},"author":1,"featured_media":0,"parent":0,"menu_order":0,"comment_status":"closed","ping_status":"closed","template":"","meta":{"footnotes":""},"class_list":["post-70","page","type-page","status-publish","hentry"],"_links":{"self":[{"href":"https:\/\/jazz-und-popchor-wolfenbuettel.de\/index.php?rest_route=\/wp\/v2\/pages\/70","targetHints":{"allow":["GET"]}}],"collection":[{"href":"https:\/\/jazz-und-popchor-wolfenbuettel.de\/index.php?rest_route=\/wp\/v2\/pages"}],"about":[{"href":"https:\/\/jazz-und-popchor-wolfenbuettel.de\/index.php?rest_route=\/wp\/v2\/types\/page"}],"author":[{"embeddable":true,"href":"https:\/\/jazz-und-popchor-wolfenbuettel.de\/index.php?rest_route=\/wp\/v2\/users\/1"}],"replies":[{"embeddable":true,"href":"https:\/\/jazz-und-popchor-wolfenbuettel.de\/index.php?rest_route=%2Fwp%2Fv2%2Fcomments&post=70"}],"version-history":[{"count":21,"href":"https:\/\/jazz-und-popchor-wolfenbuettel.de\/index.php?rest_route=\/wp\/v2\/pages\/70\/revisions"}],"predecessor-version":[{"id":216,"href":"https:\/\/jazz-und-popchor-wolfenbuettel.de\/index.php?rest_route=\/wp\/v2\/pages\/70\/revisions\/216"}],"wp:attachment":[{"href":"https:\/\/jazz-und-popchor-wolfenbuettel.de\/index.php?rest_route=%2Fwp%2Fv2%2Fmedia&parent=70"}],"curies":[{"name":"wp","href":"https:\/\/api.w.org\/{rel}","templated":true}]}}