
{"id":50,"date":"2019-01-01T20:25:27","date_gmt":"2019-01-01T20:25:27","guid":{"rendered":"https:\/\/jazz-und-popchor-wolfenbuettel.de\/?page_id=50"},"modified":"2026-02-28T22:17:26","modified_gmt":"2026-02-28T22:17:26","slug":"willkommen","status":"publish","type":"page","link":"https:\/\/jazz-und-popchor-wolfenbuettel.de\/","title":{"rendered":"Willkommen"},"content":{"rendered":"<p>&nbsp;<\/p>\n<p><img loading=\"lazy\" decoding=\"async\" class=\"alignright wp-image-175 size-large\" title=\"Jazz- und Popchor Wolfenb\u00fcttel\" src=\"https:\/\/jazz-und-popchor-wolfenbuettel.de\/wp-content\/uploads\/2023\/06\/Jazz-undPopchorWolfenbuettel-2-1024x683.jpg\" alt=\"\" width=\"700\" height=\"467\" srcset=\"https:\/\/jazz-und-popchor-wolfenbuettel.de\/wp-content\/uploads\/2023\/06\/Jazz-undPopchorWolfenbuettel-2-1024x683.jpg 1024w, https:\/\/jazz-und-popchor-wolfenbuettel.de\/wp-content\/uploads\/2023\/06\/Jazz-undPopchorWolfenbuettel-2-300x200.jpg 300w, https:\/\/jazz-und-popchor-wolfenbuettel.de\/wp-content\/uploads\/2023\/06\/Jazz-undPopchorWolfenbuettel-2-768x512.jpg 768w, https:\/\/jazz-und-popchor-wolfenbuettel.de\/wp-content\/uploads\/2023\/06\/Jazz-undPopchorWolfenbuettel-2-1536x1024.jpg 1536w, https:\/\/jazz-und-popchor-wolfenbuettel.de\/wp-content\/uploads\/2023\/06\/Jazz-undPopchorWolfenbuettel-2-2048x1366.jpg 2048w\" sizes=\"auto, (max-width: 700px) 100vw, 700px\" \/>Herzlich Willkommen beim gemischten Jazz- und Popchor Wolfenb\u00fcttel !<\/p>\n<p>Die Freude am Erarbeiten mehrstimmiger Jazz- und Poparrangements unter der Leitung von Christin Strittmatter verbindet uns erst seit dem Sommer 2017. Seit Juli 2018 sind wir als Verein musikalisch t\u00e4tig.<\/p>\n<p>Jeden Donnerstag treffen wir uns zu gemeinsamen Proben. Wir sind 45 S\u00e4ngerInnen und suchen noch B\u00e4sse und Ten\u00f6re, die musikalisch zu uns passen.<br \/>\nWer <a href=\"https:\/\/jazz-und-popchor-wolfenbuettel.de\/?page_id=25\">Interesse<\/a> hat, ist herzlich eingeladen, sich \u00fcber das <a href=\"https:\/\/jazz-und-popchor-wolfenbuettel.de\/?page_id=28\">Kontaktformular<\/a> bei uns zu melden und n\u00e4here Informationen zu erhalten.<\/p>\n<p>Foto: \u00a9Marc Stantien | stantien.de<\/p>\n","protected":false},"excerpt":{"rendered":"<p>&nbsp; Herzlich Willkommen beim gemischten Jazz- und Popchor Wolfenb\u00fcttel ! Die Freude am Erarbeiten mehrstimmiger Jazz- und Poparrangements unter der Leitung von Christin Strittmatter verbindet uns erst seit dem Sommer 2017. Seit Juli 2018 sind wir als Verein musikalisch t\u00e4tig.&hellip; <\/p>\n","protected":false},"author":1,"featured_media":0,"parent":0,"menu_order":0,"comment_status":"closed","ping_status":"closed","template":"","meta":{"footnotes":""},"class_list":["post-50","page","type-page","status-publish","hentry"],"_links":{"self":[{"href":"https:\/\/jazz-und-popchor-wolfenbuettel.de\/index.php?rest_route=\/wp\/v2\/pages\/50","targetHints":{"allow":["GET"]}}],"collection":[{"href":"https:\/\/jazz-und-popchor-wolfenbuettel.de\/index.php?rest_route=\/wp\/v2\/pages"}],"about":[{"href":"https:\/\/jazz-und-popchor-wolfenbuettel.de\/index.php?rest_route=\/wp\/v2\/types\/page"}],"author":[{"embeddable":true,"href":"https:\/\/jazz-und-popchor-wolfenbuettel.de\/index.php?rest_route=\/wp\/v2\/users\/1"}],"replies":[{"embeddable":true,"href":"https:\/\/jazz-und-popchor-wolfenbuettel.de\/index.php?rest_route=%2Fwp%2Fv2%2Fcomments&post=50"}],"version-history":[{"count":29,"href":"https:\/\/jazz-und-popchor-wolfenbuettel.de\/index.php?rest_route=\/wp\/v2\/pages\/50\/revisions"}],"predecessor-version":[{"id":240,"href":"https:\/\/jazz-und-popchor-wolfenbuettel.de\/index.php?rest_route=\/wp\/v2\/pages\/50\/revisions\/240"}],"wp:attachment":[{"href":"https:\/\/jazz-und-popchor-wolfenbuettel.de\/index.php?rest_route=%2Fwp%2Fv2%2Fmedia&parent=50"}],"curies":[{"name":"wp","href":"https:\/\/api.w.org\/{rel}","templated":true}]}}